{"id":4477,"date":"2019-05-03T12:16:59","date_gmt":"2019-05-03T10:16:59","guid":{"rendered":"https:\/\/friedrich-muench.de\/contact-2\/"},"modified":"2024-03-01T14:31:28","modified_gmt":"2024-03-01T13:31:28","slug":"contact","status":"publish","type":"page","link":"https:\/\/friedrich-muench.de\/en\/contact\/","title":{"rendered":"Contact"},"content":{"rendered":"<div class=\"wpb-content-wrapper\">[vc_row thb_full_width=&#8221;true&#8221; parallax=&#8221;content-moving&#8221; thb_divider_position=&#8221;bottom&#8221; css=&#8221;.vc_custom_1556805173564{background-color: #000000 !important;background-position: center;background-repeat: no-repeat;background-size: contain !important;}&#8221;][vc_column][vc_empty_space height=&#8221;110px&#8221;][\/vc_column][\/vc_row][vc_row thb_divider_position=&#8221;bottom&#8221; height=&#8221;80px&#8221;][vc_column][vc_empty_space height=&#8221;80px&#8221;][\/vc_column][\/vc_row][vc_row thb_divider_position=&#8221;bottom&#8221; el_class=&#8221;align-center&#8221; css=&#8221;.vc_custom_1474474645883{padding-top: 10vh !important;padding-bottom: 10vh !important;}&#8221;][vc_column offset=&#8221;vc_col-lg-10 vc_col-md-12&#8243;][vc_column_text]\n<h3><strong>CONTACT<\/strong><\/h3>\n[\/vc_column_text][vc_row_inner][vc_column_inner width=&#8221;1\/4&#8243;][vc_column_text css=&#8221;.vc_custom_1556879955120{border-bottom-width: 2px !important;padding-bottom: 30px !important;border-bottom-color: #f4f4f4 !important;border-bottom-style: solid !important;}&#8221;]<strong>Friedrich M\u00fcnch<br \/>\nGmbH + Co KG<\/strong><\/p>\n<p style=\"font-size: 14px;\">In den Wald\u00e4ckern 10<br \/>\n75417 M\u00fchlacker<br \/>\nGermany<\/p>\n<p>Phone: +<a href=\"http:\/\/Tel:049704195440\">49 7041 9544-0<\/a><br \/>\nFax: +49 7041 9544-55<\/p>\n<p>E-Mail:<br \/>\n<a href=\"m&#97;&#105;&#x6c;&#x74;&#x6f;:&#105;&#110;&#x66;&#x6f;&#x40;fr&#105;&#x65;&#x64;&#x72;ic&#104;&#45;&#x6d;&#x75;&#x65;n&#99;&#104;&#x2e;&#x64;&#x65;\">&#105;&#x6e;f&#x6f;&#x40;&#102;&#x72;i&#101;&#x64;&#114;&#x69;c&#104;&#x2d;m&#x75;e&#110;&#x63;h&#x2e;&#x64;&#101;<\/a><br \/>\n<a href=\"&#109;&#97;&#x69;l&#116;&#x6f;&#x3a;i&#110;&#x66;&#x6f;&#64;&#110;&#x69;r&#111;&#x66;&#x6c;e&#120;&#x2e;&#x64;e\">&#x69;&#x6e;&#x66;&#x6f;&#x40;&#x6e;&#x69;&#x72;&#x6f;&#x66;&#x6c;&#x65;&#x78;&#x2e;&#x64;&#x65;<\/a>[\/vc_column_text][\/vc_column_inner][vc_column_inner width=&#8221;3\/4&#8243; css=&#8221;.vc_custom_1474478996357{padding-left: 5% !important;}&#8221;][vc_column_text]\n<h5><span class=\"inhaltoben\"><span class=\"inhalt_subhead\">Your direct line to us.<\/span><\/span><\/h5>\n[\/vc_column_text]\n<div class=\"wpcf7 no-js\" id=\"wpcf7-f489-o1\" lang=\"en-US\" dir=\"ltr\" data-wpcf7-id=\"489\">\n<div class=\"screen-reader-response\"><p role=\"status\" aria-live=\"polite\" aria-atomic=\"true\"><\/p> <ul><\/ul><\/div>\n<form action=\"\/en\/wp-json\/wp\/v2\/pages\/4477#wpcf7-f489-o1\" method=\"post\" class=\"wpcf7-form init\" aria-label=\"Contact form\" novalidate=\"novalidate\" data-status=\"init\">\n<fieldset class=\"hidden-fields-container\"><input type=\"hidden\" name=\"_wpcf7\" value=\"489\" \/><input type=\"hidden\" name=\"_wpcf7_version\" value=\"6.1.5\" \/><input type=\"hidden\" name=\"_wpcf7_locale\" value=\"en_US\" \/><input type=\"hidden\" name=\"_wpcf7_unit_tag\" value=\"wpcf7-f489-o1\" \/><input type=\"hidden\" name=\"_wpcf7_container_post\" value=\"0\" \/><input type=\"hidden\" name=\"_wpcf7_posted_data_hash\" value=\"\" \/>\n<\/fieldset>\n<p><label> Your Name*<br \/>\n<span class=\"wpcf7-form-control-wrap\" data-name=\"your-name\"><input size=\"40\" maxlength=\"400\" class=\"wpcf7-form-control wpcf7-text wpcf7-validates-as-required\" aria-required=\"true\" aria-invalid=\"false\" value=\"\" type=\"text\" name=\"your-name\" \/><\/span> <\/label>\n<\/p>\n<p><label> Your E-mail*<br \/>\n<span class=\"wpcf7-form-control-wrap\" data-name=\"your-email\"><input size=\"40\" maxlength=\"400\" class=\"wpcf7-form-control wpcf7-email wpcf7-validates-as-required wpcf7-text wpcf7-validates-as-email\" aria-required=\"true\" aria-invalid=\"false\" value=\"\" type=\"email\" name=\"your-email\" \/><\/span> <\/label>\n<\/p>\n<p><label> Subject<br \/>\n<span class=\"wpcf7-form-control-wrap\" data-name=\"your-subject\"><input size=\"40\" maxlength=\"400\" class=\"wpcf7-form-control wpcf7-text\" aria-invalid=\"false\" value=\"\" type=\"text\" name=\"your-subject\" \/><\/span> <\/label>\n<\/p>\n<p><label> Your Message<br \/>\n<span class=\"wpcf7-form-control-wrap\" data-name=\"your-message\"><textarea cols=\"40\" rows=\"10\" maxlength=\"2000\" class=\"wpcf7-form-control wpcf7-textarea\" aria-invalid=\"false\" name=\"your-message\"><\/textarea><\/span> <\/label>\n<\/p>\n<p><label><span class=\"wpcf7-form-control-wrap\" data-name=\"acceptance-dsgvo\"><span class=\"wpcf7-form-control wpcf7-acceptance\"><span class=\"wpcf7-list-item\"><input type=\"checkbox\" name=\"acceptance-dsgvo\" value=\"1\" aria-invalid=\"false\" \/><\/span><\/span><\/span>*I agree that my personal information from the contact form may be raised, processed and used for the purpose of answering my request. The data will be deleted after the processing of the request is completed. Notice: You can revoke your agreement at any time, with full effect for the future, by an E-Mail to <a href=\"&#x6d;&#x61;&#x69;&#x6c;&#x74;&#x6f;&#x3a;&#x69;&#x6e;&#x66;&#x6f;&#x40;&#x66;&#x72;&#x69;&#x65;&#x64;&#x72;&#x69;&#x63;&#x68;&#x2d;&#109;&#117;&#101;&#110;&#99;&#104;&#46;&#100;&#101;\">i&#110;&#x66;&#x6f;&#64;&#102;&#114;&#x69;&#x65;d&#114;&#105;&#x63;&#x68;-&#109;&#x75;&#x65;&#x6e;c&#104;&#x2e;&#x64;e<\/a>. <\/label><br \/>\n[honeypot Website]\n<\/p>\n<p><input class=\"wpcf7-form-control wpcf7-submit has-spinner\" type=\"submit\" value=\"Send\" \/>\n<\/p><div class=\"wpcf7-response-output\" aria-hidden=\"true\"><\/div>\n<\/form>\n<\/div>\n[\/vc_column_inner][\/vc_row_inner][\/vc_column][\/vc_row]\n<\/div>","protected":false},"excerpt":{"rendered":"<p>[vc_row thb_full_width=&#8221;true&#8221; parallax=&#8221;content-moving&#8221; thb_divider_position=&#8221;bottom&#8221; css=&#8221;.vc_custom_1556805173564{background-color: #000000 !important;background-position: center;background-repeat: no-repeat;background-size: contain !important;}&#8221;][vc_column][vc_empty_space height=&#8221;110px&#8221;][\/vc_column][\/vc_row][vc_row thb_divider_position=&#8221;bottom&#8221; height=&#8221;80px&#8221;][vc_column][vc_empty_space height=&#8221;80px&#8221;][\/vc_column][\/vc_row][vc_row thb_divider_position=&#8221;bottom&#8221; el_class=&#8221;align-center&#8221; css=&#8221;.vc_custom_1474474645883{padding-top: 10vh !important;padding-bottom: 10vh !important;}&#8221;][vc_column offset=&#8221;vc_col-lg-10 vc_col-md-12&#8243;][vc_column_text] CONTACT [\/vc_column_text][vc_row_inner][vc_column_inner width=&#8221;1\/4&#8243;][vc_column_text css=&#8221;.vc_custom_1556879955120{border-bottom-width: 2px !important;padding-bottom: 30px !important;border-bottom-color: #f4f4f4 !important;border-bottom-style: solid !important;}&#8221;]Friedrich M\u00fcnch GmbH + Co KG In den Wald\u00e4ckern 10 75417 M\u00fchlacker Germany Phone: +49 7041 9544-0 Fax: +49 7041&hellip;<\/p>\n","protected":false},"author":1,"featured_media":0,"parent":0,"menu_order":0,"comment_status":"closed","ping_status":"closed","template":"","meta":{"footnotes":""},"class_list":["post-4477","page","type-page","status-publish","hentry"],"yoast_head":"<!-- This site is optimized with the Yoast SEO plugin v27.3 - https:\/\/yoast.com\/product\/yoast-seo-wordpress\/ -->\n<title>Contact | Friedrich M\u00fcnch GmbH + Co KG<\/title>\n<meta name=\"description\" content=\"Contact | Friedrich M\u00fcnch GmbH + Co KG\" \/>\n<meta name=\"robots\" content=\"index, follow, max-snippet:-1, max-image-preview:large, max-video-preview:-1\" \/>\n<link rel=\"canonical\" href=\"https:\/\/friedrich-muench.de\/kontakt\/\" \/>\n<meta property=\"og:locale\" content=\"en_GB\" \/>\n<meta property=\"og:type\" content=\"article\" \/>\n<meta property=\"og:title\" content=\"Contact | Friedrich M\u00fcnch GmbH + Co KG\" \/>\n<meta property=\"og:description\" content=\"Contact | Friedrich M\u00fcnch GmbH + Co KG\" \/>\n<meta property=\"og:url\" content=\"https:\/\/friedrich-muench.de\/kontakt\/\" \/>\n<meta property=\"og:site_name\" content=\"Friedrich M\u00fcnch GmbH + Co KG\" \/>\n<meta property=\"article:modified_time\" content=\"2024-03-01T13:31:28+00:00\" \/>\n<meta name=\"twitter:card\" content=\"summary_large_image\" \/>\n<meta name=\"twitter:label1\" content=\"Estimated reading time\" \/>\n\t<meta name=\"twitter:data1\" content=\"1 minute\" \/>\n<script type=\"application\/ld+json\" class=\"yoast-schema-graph\">{\"@context\":\"https:\\\/\\\/schema.org\",\"@graph\":[{\"@type\":\"WebPage\",\"@id\":\"https:\\\/\\\/friedrich-muench.de\\\/kontakt\\\/\",\"url\":\"https:\\\/\\\/friedrich-muench.de\\\/kontakt\\\/\",\"name\":\"Contact | Friedrich M\u00fcnch GmbH + Co KG\",\"isPartOf\":{\"@id\":\"https:\\\/\\\/friedrich-muench.de\\\/#website\"},\"datePublished\":\"2019-05-03T10:16:59+00:00\",\"dateModified\":\"2024-03-01T13:31:28+00:00\",\"description\":\"Contact | Friedrich M\u00fcnch GmbH + Co KG\",\"breadcrumb\":{\"@id\":\"https:\\\/\\\/friedrich-muench.de\\\/kontakt\\\/#breadcrumb\"},\"inLanguage\":\"en-GB\",\"potentialAction\":[{\"@type\":\"ReadAction\",\"target\":[\"https:\\\/\\\/friedrich-muench.de\\\/kontakt\\\/\"]}]},{\"@type\":\"BreadcrumbList\",\"@id\":\"https:\\\/\\\/friedrich-muench.de\\\/kontakt\\\/#breadcrumb\",\"itemListElement\":[{\"@type\":\"ListItem\",\"position\":1,\"name\":\"Startseite\",\"item\":\"https:\\\/\\\/friedrich-muench.de\\\/\"},{\"@type\":\"ListItem\",\"position\":2,\"name\":\"Contact\"}]},{\"@type\":\"WebSite\",\"@id\":\"https:\\\/\\\/friedrich-muench.de\\\/#website\",\"url\":\"https:\\\/\\\/friedrich-muench.de\\\/\",\"name\":\"Friedrich M\u00fcnch GmbH + Co KG\",\"description\":\"\",\"publisher\":{\"@id\":\"https:\\\/\\\/friedrich-muench.de\\\/#organization\"},\"potentialAction\":[{\"@type\":\"SearchAction\",\"target\":{\"@type\":\"EntryPoint\",\"urlTemplate\":\"https:\\\/\\\/friedrich-muench.de\\\/?s={search_term_string}\"},\"query-input\":{\"@type\":\"PropertyValueSpecification\",\"valueRequired\":true,\"valueName\":\"search_term_string\"}}],\"inLanguage\":\"en-GB\"},{\"@type\":\"Organization\",\"@id\":\"https:\\\/\\\/friedrich-muench.de\\\/#organization\",\"name\":\"Niroflex premuim protection\",\"url\":\"https:\\\/\\\/friedrich-muench.de\\\/\",\"logo\":{\"@type\":\"ImageObject\",\"inLanguage\":\"en-GB\",\"@id\":\"https:\\\/\\\/friedrich-muench.de\\\/#\\\/schema\\\/logo\\\/image\\\/\",\"url\":\"\",\"contentUrl\":\"\",\"caption\":\"Niroflex premuim protection\"},\"image\":{\"@id\":\"https:\\\/\\\/friedrich-muench.de\\\/#\\\/schema\\\/logo\\\/image\\\/\"}}]}<\/script>\n<!-- \/ Yoast SEO plugin. -->","yoast_head_json":{"title":"Contact | Friedrich M\u00fcnch GmbH + Co KG","description":"Contact | Friedrich M\u00fcnch GmbH + Co KG","robots":{"index":"index","follow":"follow","max-snippet":"max-snippet:-1","max-image-preview":"max-image-preview:large","max-video-preview":"max-video-preview:-1"},"canonical":"https:\/\/friedrich-muench.de\/kontakt\/","og_locale":"en_GB","og_type":"article","og_title":"Contact | Friedrich M\u00fcnch GmbH + Co KG","og_description":"Contact | Friedrich M\u00fcnch GmbH + Co KG","og_url":"https:\/\/friedrich-muench.de\/kontakt\/","og_site_name":"Friedrich M\u00fcnch GmbH + Co KG","article_modified_time":"2024-03-01T13:31:28+00:00","twitter_card":"summary_large_image","twitter_misc":{"Estimated reading time":"1 minute"},"schema":{"@context":"https:\/\/schema.org","@graph":[{"@type":"WebPage","@id":"https:\/\/friedrich-muench.de\/kontakt\/","url":"https:\/\/friedrich-muench.de\/kontakt\/","name":"Contact | Friedrich M\u00fcnch GmbH + Co KG","isPartOf":{"@id":"https:\/\/friedrich-muench.de\/#website"},"datePublished":"2019-05-03T10:16:59+00:00","dateModified":"2024-03-01T13:31:28+00:00","description":"Contact | Friedrich M\u00fcnch GmbH + Co KG","breadcrumb":{"@id":"https:\/\/friedrich-muench.de\/kontakt\/#breadcrumb"},"inLanguage":"en-GB","potentialAction":[{"@type":"ReadAction","target":["https:\/\/friedrich-muench.de\/kontakt\/"]}]},{"@type":"BreadcrumbList","@id":"https:\/\/friedrich-muench.de\/kontakt\/#breadcrumb","itemListElement":[{"@type":"ListItem","position":1,"name":"Startseite","item":"https:\/\/friedrich-muench.de\/"},{"@type":"ListItem","position":2,"name":"Contact"}]},{"@type":"WebSite","@id":"https:\/\/friedrich-muench.de\/#website","url":"https:\/\/friedrich-muench.de\/","name":"Friedrich M\u00fcnch GmbH + Co KG","description":"","publisher":{"@id":"https:\/\/friedrich-muench.de\/#organization"},"potentialAction":[{"@type":"SearchAction","target":{"@type":"EntryPoint","urlTemplate":"https:\/\/friedrich-muench.de\/?s={search_term_string}"},"query-input":{"@type":"PropertyValueSpecification","valueRequired":true,"valueName":"search_term_string"}}],"inLanguage":"en-GB"},{"@type":"Organization","@id":"https:\/\/friedrich-muench.de\/#organization","name":"Niroflex premuim protection","url":"https:\/\/friedrich-muench.de\/","logo":{"@type":"ImageObject","inLanguage":"en-GB","@id":"https:\/\/friedrich-muench.de\/#\/schema\/logo\/image\/","url":"","contentUrl":"","caption":"Niroflex premuim protection"},"image":{"@id":"https:\/\/friedrich-muench.de\/#\/schema\/logo\/image\/"}}]}},"_links":{"self":[{"href":"https:\/\/friedrich-muench.de\/en\/wp-json\/wp\/v2\/pages\/4477","targetHints":{"allow":["GET"]}}],"collection":[{"href":"https:\/\/friedrich-muench.de\/en\/wp-json\/wp\/v2\/pages"}],"about":[{"href":"https:\/\/friedrich-muench.de\/en\/wp-json\/wp\/v2\/types\/page"}],"author":[{"embeddable":true,"href":"https:\/\/friedrich-muench.de\/en\/wp-json\/wp\/v2\/users\/1"}],"replies":[{"embeddable":true,"href":"https:\/\/friedrich-muench.de\/en\/wp-json\/wp\/v2\/comments?post=4477"}],"version-history":[{"count":5,"href":"https:\/\/friedrich-muench.de\/en\/wp-json\/wp\/v2\/pages\/4477\/revisions"}],"predecessor-version":[{"id":12729,"href":"https:\/\/friedrich-muench.de\/en\/wp-json\/wp\/v2\/pages\/4477\/revisions\/12729"}],"wp:attachment":[{"href":"https:\/\/friedrich-muench.de\/en\/wp-json\/wp\/v2\/media?parent=4477"}],"curies":[{"name":"wp","href":"https:\/\/api.w.org\/{rel}","templated":true}]}}