{"id":14274,"date":"2016-09-18T10:13:37","date_gmt":"2016-09-18T10:13:37","guid":{"rendered":"https:\/\/friedrich-muench.de\/ueber-uns\/"},"modified":"2024-03-08T13:45:47","modified_gmt":"2024-03-08T12:45:47","slug":"about-us","status":"publish","type":"page","link":"https:\/\/friedrich-muench.de\/en\/about-us\/","title":{"rendered":"About us"},"content":{"rendered":"<div class=\"wpb-content-wrapper\">[vc_row thb_full_width=&#8221;true&#8221; parallax=&#8221;content-moving&#8221; thb_scroll_bottom=&#8221;true&#8221; thb_scroll_bottom_color=&#8221;light&#8221; thb_divider_position=&#8221;bottom&#8221; css=&#8221;.vc_custom_1671800831355{background-color: #000000 !important;background-position: center;background-repeat: no-repeat !important;background-size: contain !important;}&#8221;][vc_column][vc_empty_space height=&#8221;50&#8243;][vc_custom_heading text=&#8221;ABOUT US&#8221; font_container=&#8221;tag:h1|font_size:90px|text_align:center|color:%23ffffff&#8221; use_theme_fonts=&#8221;yes&#8221; css_animation=&#8221;fadeInUp&#8221; el_class=&#8221;entry-title&#8221;][vc_empty_space height=&#8221;50&#8243;][\/vc_column][\/vc_row][vc_row disable_element=&#8221;yes&#8221; thb_divider_position=&#8221;bottom&#8221; el_class=&#8221;align-center&#8221;][vc_column offset=&#8221;vc_col-lg-9 vc_col-md-9&#8243;][vc_empty_space height=&#8221;40px&#8221;][vc_video link=&#8221;https:\/\/youtu.be\/UjKed_1Uy84&#8243;][vc_empty_space height=&#8221;40px&#8221;][\/vc_column][\/vc_row][vc_row thb_divider_position=&#8221;bottom&#8221; el_class=&#8221;align-center&#8221;][vc_column offset=&#8221;vc_col-lg-10 vc_col-md-12&#8243;][vc_empty_space height=&#8221;50&#8243;][vc_single_image image=&#8221;14017&#8243; img_size=&#8221;full&#8221;][\/vc_column][\/vc_row][vc_row thb_divider_position=&#8221;bottom&#8221; el_class=&#8221;align-center&#8221; css=&#8221;.vc_custom_1671801113591{padding-top: 60px !important;padding-bottom: 30px !important;}&#8221;][vc_column offset=&#8221;vc_col-lg-7 vc_col-md-9&#8243;]\t<div id=\"thb-fadetype-87\" class=\"thb-fadetype  thb-fadetype-style1\">\n\t\t\t\t\t\t<h1 style=\"text-align: center;\"><div class=\"thb-fadetype-entry\">Innovation based on tradition<\/div><\/h1>\t\t<\/div>\n\t[\/vc_column][\/vc_row][vc_row thb_divider_position=&#8221;bottom&#8221; el_class=&#8221;align-center&#8221; css=&#8221;.vc_custom_1474624365002{padding-top: 4% !important;padding-bottom: 4% !important;}&#8221;][vc_column offset=&#8221;vc_col-lg-7 vc_col-md-9&#8243;][vc_column_text]Our history begins in 1920. In his German hometown of M\u00fchlacker, Friedrich M\u00fcnch founded a company which specialized in the production of unwelded chainmail and scale mesh for purses, handbags and accessories. From the outset the innovative will of the company&#8217;s founder determined the company&#8217;s fate.<br \/>\nThe mid-20th century was a period of development and progress for the company, charting the course to what the company is today. In 1968 the company presented the first safety glove made from welded ring mesh. Today, under the care and watch of the 2nd and 3rd generations of the M\u00fcnch family, Friedrich M\u00fcnch GmbH + Co KG is active with business all over the world. The brand niroflex is synonymous with highly innovative products and solutions and unsurpassed quality.[\/vc_column_text][vc_empty_space height=&#8221;50&#8243;]\t<div id=\"thb-fadetype-46\" class=\"thb-fadetype  thb-fadetype-style1\">\n\t\t\t\t\t\t<h2 style=\"text-align: left;\"><div class=\"thb-fadetype-entry\">FOR PEOPLE AND THE ENVIRONMENT<\/div><\/h1>\t\t<\/div>\n\t[vc_column_text]<strong>Naturally sustainable<\/strong><\/p>\n<p>As a family-run company spanning generations, we gladly accept our responsibility for the future. Sustainable development, environmental protection, safety and quality are our most important corporate goals.<\/p>\n<p>The responsible use of natural resources is the basis for our company&#8217;s success. We are committed to producing in an environmentally neutral and resource-conserving manner in the long term. Renewable energies are just as much a part of this concept as the treatment of our process media in closed cycles &#8211; so that we extract clean water, but also return clean water to nature. This is our commitment to the world today. But also a commitment to our common future.[\/vc_column_text][vc_single_image image=&#8221;13824&#8243; img_size=&#8221;full&#8221; alignment=&#8221;center&#8221;][\/vc_column][\/vc_row]\n<\/div>","protected":false},"excerpt":{"rendered":"<p>[vc_row thb_full_width=&#8221;true&#8221; parallax=&#8221;content-moving&#8221; thb_scroll_bottom=&#8221;true&#8221; thb_scroll_bottom_color=&#8221;light&#8221; thb_divider_position=&#8221;bottom&#8221; css=&#8221;.vc_custom_1671800831355{background-color: #000000 !important;background-position: center;background-repeat: no-repeat !important;background-size: contain !important;}&#8221;][vc_column][vc_empty_space height=&#8221;50&#8243;][vc_custom_heading text=&#8221;ABOUT US&#8221; font_container=&#8221;tag:h1|font_size:90px|text_align:center|color:%23ffffff&#8221; use_theme_fonts=&#8221;yes&#8221; css_animation=&#8221;fadeInUp&#8221; el_class=&#8221;entry-title&#8221;][vc_empty_space height=&#8221;50&#8243;][\/vc_column][\/vc_row][vc_row disable_element=&#8221;yes&#8221; thb_divider_position=&#8221;bottom&#8221; el_class=&#8221;align-center&#8221;][vc_column offset=&#8221;vc_col-lg-9 vc_col-md-9&#8243;][vc_empty_space height=&#8221;40px&#8221;][vc_video link=&#8221;https:\/\/youtu.be\/UjKed_1Uy84&#8243;][vc_empty_space height=&#8221;40px&#8221;][\/vc_column][\/vc_row][vc_row thb_divider_position=&#8221;bottom&#8221; el_class=&#8221;align-center&#8221;][vc_column offset=&#8221;vc_col-lg-10 vc_col-md-12&#8243;][vc_empty_space height=&#8221;50&#8243;][vc_single_image image=&#8221;14017&#8243; img_size=&#8221;full&#8221;][\/vc_column][\/vc_row][vc_row thb_divider_position=&#8221;bottom&#8221; el_class=&#8221;align-center&#8221; css=&#8221;.vc_custom_1671801113591{padding-top: 60px !important;padding-bottom: 30px !important;}&#8221;][vc_column offset=&#8221;vc_col-lg-7 vc_col-md-9&#8243;][\/vc_column][\/vc_row][vc_row thb_divider_position=&#8221;bottom&#8221; el_class=&#8221;align-center&#8221; css=&#8221;.vc_custom_1474624365002{padding-top: 4% !important;padding-bottom: 4% !important;}&#8221;][vc_column offset=&#8221;vc_col-lg-7 vc_col-md-9&#8243;][vc_column_text]Our&hellip;<\/p>\n","protected":false},"author":1,"featured_media":0,"parent":0,"menu_order":0,"comment_status":"closed","ping_status":"closed","template":"","meta":{"footnotes":""},"class_list":["post-14274","page","type-page","status-publish","hentry"],"yoast_head":"<!-- This site is optimized with the Yoast SEO plugin v27.5 - https:\/\/yoast.com\/product\/yoast-seo-wordpress\/ -->\n<title>About us | Friedrich M\u00fcnch GmbH + Co KG<\/title>\n<meta name=\"description\" content=\"Unser Ziel ist die beste Arbeitsschutzkleidung f\u00fcr Menschen. F\u00fcr unsere Kunden wollen wir immer die erste Wahl sein.\" \/>\n<meta name=\"robots\" content=\"index, follow, max-snippet:-1, max-image-preview:large, max-video-preview:-1\" \/>\n<link rel=\"canonical\" href=\"https:\/\/friedrich-muench.de\/ueber-uns\/\" \/>\n<meta property=\"og:locale\" content=\"en_GB\" \/>\n<meta property=\"og:type\" content=\"article\" \/>\n<meta property=\"og:title\" content=\"About us | Friedrich M\u00fcnch GmbH + Co KG\" \/>\n<meta property=\"og:description\" content=\"Unser Ziel ist die beste Arbeitsschutzkleidung f\u00fcr Menschen. F\u00fcr unsere Kunden wollen wir immer die erste Wahl sein.\" \/>\n<meta property=\"og:url\" content=\"https:\/\/friedrich-muench.de\/ueber-uns\/\" \/>\n<meta property=\"og:site_name\" content=\"Friedrich M\u00fcnch GmbH + Co KG\" \/>\n<meta property=\"article:modified_time\" content=\"2024-03-08T12:45:47+00:00\" \/>\n<meta name=\"twitter:card\" content=\"summary_large_image\" \/>\n<meta name=\"twitter:label1\" content=\"Estimated reading time\" \/>\n\t<meta name=\"twitter:data1\" content=\"3 minutes\" \/>\n<script type=\"application\/ld+json\" class=\"yoast-schema-graph\">{\"@context\":\"https:\\\/\\\/schema.org\",\"@graph\":[{\"@type\":\"WebPage\",\"@id\":\"https:\\\/\\\/friedrich-muench.de\\\/ueber-uns\\\/\",\"url\":\"https:\\\/\\\/friedrich-muench.de\\\/ueber-uns\\\/\",\"name\":\"About us | Friedrich M\u00fcnch GmbH + Co KG\",\"isPartOf\":{\"@id\":\"https:\\\/\\\/friedrich-muench.de\\\/#website\"},\"datePublished\":\"2016-09-18T10:13:37+00:00\",\"dateModified\":\"2024-03-08T12:45:47+00:00\",\"description\":\"Unser Ziel ist die beste Arbeitsschutzkleidung f\u00fcr Menschen. F\u00fcr unsere Kunden wollen wir immer die erste Wahl sein.\",\"breadcrumb\":{\"@id\":\"https:\\\/\\\/friedrich-muench.de\\\/ueber-uns\\\/#breadcrumb\"},\"inLanguage\":\"en-GB\",\"potentialAction\":[{\"@type\":\"ReadAction\",\"target\":[\"https:\\\/\\\/friedrich-muench.de\\\/ueber-uns\\\/\"]}]},{\"@type\":\"BreadcrumbList\",\"@id\":\"https:\\\/\\\/friedrich-muench.de\\\/ueber-uns\\\/#breadcrumb\",\"itemListElement\":[{\"@type\":\"ListItem\",\"position\":1,\"name\":\"Startseite\",\"item\":\"https:\\\/\\\/friedrich-muench.de\\\/\"},{\"@type\":\"ListItem\",\"position\":2,\"name\":\"About us\"}]},{\"@type\":\"WebSite\",\"@id\":\"https:\\\/\\\/friedrich-muench.de\\\/#website\",\"url\":\"https:\\\/\\\/friedrich-muench.de\\\/\",\"name\":\"Friedrich M\u00fcnch GmbH + Co KG\",\"description\":\"\",\"publisher\":{\"@id\":\"https:\\\/\\\/friedrich-muench.de\\\/#organization\"},\"potentialAction\":[{\"@type\":\"SearchAction\",\"target\":{\"@type\":\"EntryPoint\",\"urlTemplate\":\"https:\\\/\\\/friedrich-muench.de\\\/?s={search_term_string}\"},\"query-input\":{\"@type\":\"PropertyValueSpecification\",\"valueRequired\":true,\"valueName\":\"search_term_string\"}}],\"inLanguage\":\"en-GB\"},{\"@type\":\"Organization\",\"@id\":\"https:\\\/\\\/friedrich-muench.de\\\/#organization\",\"name\":\"Niroflex premuim protection\",\"url\":\"https:\\\/\\\/friedrich-muench.de\\\/\",\"logo\":{\"@type\":\"ImageObject\",\"inLanguage\":\"en-GB\",\"@id\":\"https:\\\/\\\/friedrich-muench.de\\\/#\\\/schema\\\/logo\\\/image\\\/\",\"url\":\"\",\"contentUrl\":\"\",\"caption\":\"Niroflex premuim protection\"},\"image\":{\"@id\":\"https:\\\/\\\/friedrich-muench.de\\\/#\\\/schema\\\/logo\\\/image\\\/\"}}]}<\/script>\n<!-- \/ Yoast SEO plugin. -->","yoast_head_json":{"title":"About us | Friedrich M\u00fcnch GmbH + Co KG","description":"Unser Ziel ist die beste Arbeitsschutzkleidung f\u00fcr Menschen. F\u00fcr unsere Kunden wollen wir immer die erste Wahl sein.","robots":{"index":"index","follow":"follow","max-snippet":"max-snippet:-1","max-image-preview":"max-image-preview:large","max-video-preview":"max-video-preview:-1"},"canonical":"https:\/\/friedrich-muench.de\/ueber-uns\/","og_locale":"en_GB","og_type":"article","og_title":"About us | Friedrich M\u00fcnch GmbH + Co KG","og_description":"Unser Ziel ist die beste Arbeitsschutzkleidung f\u00fcr Menschen. F\u00fcr unsere Kunden wollen wir immer die erste Wahl sein.","og_url":"https:\/\/friedrich-muench.de\/ueber-uns\/","og_site_name":"Friedrich M\u00fcnch GmbH + Co KG","article_modified_time":"2024-03-08T12:45:47+00:00","twitter_card":"summary_large_image","twitter_misc":{"Estimated reading time":"3 minutes"},"schema":{"@context":"https:\/\/schema.org","@graph":[{"@type":"WebPage","@id":"https:\/\/friedrich-muench.de\/ueber-uns\/","url":"https:\/\/friedrich-muench.de\/ueber-uns\/","name":"About us | Friedrich M\u00fcnch GmbH + Co KG","isPartOf":{"@id":"https:\/\/friedrich-muench.de\/#website"},"datePublished":"2016-09-18T10:13:37+00:00","dateModified":"2024-03-08T12:45:47+00:00","description":"Unser Ziel ist die beste Arbeitsschutzkleidung f\u00fcr Menschen. F\u00fcr unsere Kunden wollen wir immer die erste Wahl sein.","breadcrumb":{"@id":"https:\/\/friedrich-muench.de\/ueber-uns\/#breadcrumb"},"inLanguage":"en-GB","potentialAction":[{"@type":"ReadAction","target":["https:\/\/friedrich-muench.de\/ueber-uns\/"]}]},{"@type":"BreadcrumbList","@id":"https:\/\/friedrich-muench.de\/ueber-uns\/#breadcrumb","itemListElement":[{"@type":"ListItem","position":1,"name":"Startseite","item":"https:\/\/friedrich-muench.de\/"},{"@type":"ListItem","position":2,"name":"About us"}]},{"@type":"WebSite","@id":"https:\/\/friedrich-muench.de\/#website","url":"https:\/\/friedrich-muench.de\/","name":"Friedrich M\u00fcnch GmbH + Co KG","description":"","publisher":{"@id":"https:\/\/friedrich-muench.de\/#organization"},"potentialAction":[{"@type":"SearchAction","target":{"@type":"EntryPoint","urlTemplate":"https:\/\/friedrich-muench.de\/?s={search_term_string}"},"query-input":{"@type":"PropertyValueSpecification","valueRequired":true,"valueName":"search_term_string"}}],"inLanguage":"en-GB"},{"@type":"Organization","@id":"https:\/\/friedrich-muench.de\/#organization","name":"Niroflex premuim protection","url":"https:\/\/friedrich-muench.de\/","logo":{"@type":"ImageObject","inLanguage":"en-GB","@id":"https:\/\/friedrich-muench.de\/#\/schema\/logo\/image\/","url":"","contentUrl":"","caption":"Niroflex premuim protection"},"image":{"@id":"https:\/\/friedrich-muench.de\/#\/schema\/logo\/image\/"}}]}},"_links":{"self":[{"href":"https:\/\/friedrich-muench.de\/en\/wp-json\/wp\/v2\/pages\/14274","targetHints":{"allow":["GET"]}}],"collection":[{"href":"https:\/\/friedrich-muench.de\/en\/wp-json\/wp\/v2\/pages"}],"about":[{"href":"https:\/\/friedrich-muench.de\/en\/wp-json\/wp\/v2\/types\/page"}],"author":[{"embeddable":true,"href":"https:\/\/friedrich-muench.de\/en\/wp-json\/wp\/v2\/users\/1"}],"replies":[{"embeddable":true,"href":"https:\/\/friedrich-muench.de\/en\/wp-json\/wp\/v2\/comments?post=14274"}],"version-history":[{"count":2,"href":"https:\/\/friedrich-muench.de\/en\/wp-json\/wp\/v2\/pages\/14274\/revisions"}],"predecessor-version":[{"id":14277,"href":"https:\/\/friedrich-muench.de\/en\/wp-json\/wp\/v2\/pages\/14274\/revisions\/14277"}],"wp:attachment":[{"href":"https:\/\/friedrich-muench.de\/en\/wp-json\/wp\/v2\/media?parent=14274"}],"curies":[{"name":"wp","href":"https:\/\/api.w.org\/{rel}","templated":true}]}}